{"id":1103,"date":"2018-10-23T22:58:51","date_gmt":"2018-10-23T20:58:51","guid":{"rendered":"https:\/\/cutinvideo.de\/site\/?page_id=1103"},"modified":"2024-11-06T10:36:50","modified_gmt":"2024-11-06T09:36:50","slug":"agb","status":"publish","type":"page","link":"https:\/\/cutinvideo.de\/site\/agb\/","title":{"rendered":"AGB"},"content":{"rendered":"<p>[et_pb_section fb_built=&#8220;1&#8243; _builder_version=&#8220;4.16&#8243; global_colors_info=&#8220;{}&#8220;][et_pb_row column_structure=&#8220;1_3,2_3&#8243; _builder_version=&#8220;4.16&#8243; global_colors_info=&#8220;{}&#8220;][et_pb_column type=&#8220;1_3&#8243; _builder_version=&#8220;4.16&#8243; custom_padding=&#8220;|||&#8220; global_colors_info=&#8220;{}&#8220; custom_padding__hover=&#8220;|||&#8220;][\/et_pb_column][et_pb_column type=&#8220;2_3&#8243; _builder_version=&#8220;4.16&#8243; custom_padding=&#8220;|||&#8220; global_colors_info=&#8220;{}&#8220; custom_padding__hover=&#8220;|||&#8220;][et_pb_text _builder_version=&#8220;4.16&#8243; border_style=&#8220;solid&#8220; global_colors_info=&#8220;{}&#8220;]<\/p>\n<div class=\"csc-header csc-header-n1\">\n<h1 class=\"csc-firstHeader\">AGB<\/h1>\n<\/div>\n<div class=\"csc-textpic-text\">\n<p class=\"bodytext\"><b>CUT IN TV &amp; Videoproduktion, Inh. Dieter Heyen , Hauptstra\u00dfe 6a \u2022 54619 \u00dcttfeld<\/b><\/p>\n<p class=\"bodytext\"><b>Allgemeine Gesch\u00e4ftsbedingungen Stand 9.10.2018<\/b><\/p>\n<p class=\"bodytext\"><b>Geltungsbereich:<\/b><br \/>F\u00fcr die Gesch\u00e4ftsbeziehungen zwischen CUT IN TV &amp; Video (nachfolgend Auftragnehmer) und dem Besteller eines Produktes bzw. einer Dienstleistung (nachfolgend Auftraggeber), gelten ausschlie\u00dflich die nachfolgenden Allgemeinen Gesch\u00e4ftsbedingungen, in ihrer zum Zeitpunkt der Bestellungg\u00fcltigen Fassung.<br \/>Mit der Abgabe einer Bestellung \/ eines Auftrages erkl\u00e4rt sich der Auftraggeber mit diesen allgemeinen Gesch\u00e4ftsbedingungen einverstanden. Von diesen abweichende Vereinbarungen bed\u00fcrfender Schriftform. Wenn der Auftraggeber ebenfalls eigene Allgemeine Gesch\u00e4ftsbedingungen hat, dann verzichtet er f\u00fcr den gesch\u00e4ftlichen Kontakt mit dem Auftragnehmer darauf, diese anzuwenden und h\u00e4lt sich vielmehr an die des Auftragnehmers.<\/p>\n<p class=\"bodytext\">F\u00fcr den Fall von Streitigkeiten wird als Gerichtsstand das am Hauptsitz des Auftragnehmers zust\u00e4ndige Gericht vereinbart. Dieses Gericht hat deutsches Recht zur Anwendung zu bringen.<\/p>\n<p class=\"bodytext\"><b>Vertragsabschluss:<\/b><br \/>Jede schriftliche, telefonische oder online \u00fcbermittelte Anfrage stellt ein Angebot an den Auftragnehmer, zum Abschluss eines Engagementvertrages zur Erbringung der darin definierten Dienstleistung dar.<br \/>Der Engagementvertrag wird dem Auftraggeber in elektronischer Form oder per Postweg zugesandt und ist unterzeichnet per Fax oder ebenfalls Postversand zu retournieren. Ebenfalls als Beauftragung im Umfang des Angebotes gilt eine E-Mail des Auftraggebers, in der dieser sich mit sinngem\u00e4\u00dfer Formulierung auf das Angebot bezieht und seine Zusage und damit Beauftragung selbigen zum Ausdruck bringt (z.B.: \u201cHiermit nehme ich das Angebot an\u201d).<\/p>\n<p class=\"bodytext\"><b>Bearbeitung des Auftrages:<br \/><\/b>Der Auftragnehmer h\u00e4lt sich das Recht vor, zur Ausf\u00fchrung des erteilten Auftrages Dritte hinzuzuziehen, wenn sich dies als notwendig erweisen sollte. Dies ist vor allem bei unverschuldetem Ausfall wie Krankheit der Fall. Ebenso sind ggf. im Angebot aufgef\u00fchrte Ger\u00e4tschaften nicht bindend und k\u00f6nnen durch gleichwertiges Equipment ersetzt werden.<\/p>\n<p class=\"bodytext\"><b>Urheberrechtsausschluss:<br \/><\/b>Der Auftraggeber haftet daf\u00fcr, dass er \u00fcber alle Berechtigungen f\u00fcr die von ihm erteilten Auftr\u00e4ge in Bezug auf Herstellung, Bearbeitung und Vervielf\u00e4ltigung sowie Vorf\u00fchrung von Aufnahmen (Bild und Ton) f\u00fcr wie immer geartete Zwecke, insbesondere gewerblicher Art, verf\u00fcgt. Weiterhin versichert der Auftraggeber, Verf\u00fcgungsberechtigter bzw. Lizenznehmer \u00fcber die erforderlichen Urheber- Nutzungs- und Vervielf\u00e4ltigungsrechte und\/oder im Besitz ausreichender Berechtigungen des Urhebers bzw. Lizenzinhabers zu sein.<br \/>Der Auftraggeber haftet f\u00fcr alle Anspr\u00fcche, die Dritte in Folge der Ausf\u00fchrung des Auftrages an uns stellen sollten und verpflichtet sich, CUT IN TV&amp;Videoproduktion hierf\u00fcr schad- und klaglos zu halten.<\/p>\n<p class=\"bodytext\"><b>Preis und Liefertermin:<\/b><br \/>Unsere Preise verstehen sich (falls nicht anderweitig angegeben) als Endpreise zzgl. der gesetzlichen Mehrwertsteuer. Alle Preise verstehen sich zzgl. eventueller Versandkosten, sowie Medien- und Bandmaterialien. Zahlungen des Auftraggebers gelten als versp\u00e4tet, wenn dieser nicht innerhalb von 14 Tagen ab Rechnungslegung, den geschuldeten Betrag \u00fcberwiesen oder bar ausgeh\u00e4ndigt hat. Bei Zahlungsverzug h\u00e4lt sich der Auftragnehmer offen, Mahngeb\u00fchren zu erheben und ein Mahnverfahren einzuleiten. Eine Berechtigung zum Abzug von Skonto besteht nicht, es sei denn dies wurde in der Auftragsbest\u00e4tigung vereinbart.<br \/>M\u00fcndlich zugesagte Lieferfristen und Termine sind unverbindlich. Lieferfristen und Termine sind nur dann verbindlich, wenn sie schriftlich vereinbart wurden. H\u00f6here Gewalt oder dieser nahekommende Ereignisse wie Verkehrseinfl\u00fcsse, Streik, Ausfall oder St\u00f6rung von technischen Ger\u00e4ten und Maschinen, sowie Ausfall oder Erschwernis der Rohmateriallieferungen verl\u00e4ngern verbindliche Lieferfristen um ihre jeweilige Dauer, bzw. verschieben Termine um ihre jeweilige Dauer.<\/p>\n<p class=\"bodytext\"><b>Abnahme:<\/b><br \/>Der Auftraggeber verpflichtet sich bei Beauftragung zur vollst\u00e4ndigen Abnahme des beauftragten Produktes oder der Dienstleistung, sofern diese technisch im Sinne und gem\u00e4\u00df der Auftragsbest\u00e4tigung und des Angebotes durchgef\u00fchrt wurde. Da es sich bei Medienproduktionen und kreativen Dienstleistungen auch um k\u00fcnstlerische Arbeiten handelt und diese in gewissen Grenzen der k\u00fcnstlerischen Freiheit des Urhebers (und damit dem Auftragnehmer) unterliegen werden zur Feststellung der Auftragserf\u00fcllung oder eventuell berechtigter M\u00e4ngelforderungen des Auftraggebers lediglich technische Aspekte herangezogen.<br \/>Sobald dem Auftraggeber das erstellte Werk erstmals in der vom Auftragnehmer als final angesehenen Fassung pr\u00e4sentiert wird (Vorschau-DVD, pers\u00f6nliche Pr\u00e4sentation oder E-Mail mit Link zur Ansicht) sind dem Auftraggeber vier Wochen Zeit zur Abnahme gegeben. Erfolgt innerhalb dieser Zeit keinerlei Reaktion des Auftraggebers auf die zur Verf\u00fcgung gestellte Abnahmeversion des Werkes, gilt die Produktion nach Ablauf der Zeitspanne als abgenommen und wird dem Auftraggeber in der vorgelegten Version zur Verf\u00fcgung gestellt, sowie die Rechnung gestellt.<\/p>\n<p class=\"bodytext\">Eventuell ge\u00e4u\u00dferte Korrekturw\u00fcnsche werden nach technischen M\u00f6glichkeiten zeitnah und mit der im Angebot und\/oder der Auftragsbest\u00e4tigung angegebenen maximalen Zeitaufwendung durchgef\u00fchrt. Wird diese \u00fcberschritten ist der Auftraggeber berechtigt, zus\u00e4tzliche Arbeitszeit gesondert zu berechnen. Ebenso gilt, sp\u00e4testens nach vier Wochen seit Zugang der ersten Abnahmekopie gilt die Produktion als abgeschlossen. Das Durchf\u00fchren weiterer Korrekturw\u00fcnsche bedarf dann der gesonderten Absprache und Beauftragung der Vertragsparteien.<\/p>\n<p class=\"bodytext\"><b>Nutzung von Musiken und Fremdmaterialien:<\/b><br \/>Die musikalische Vertonung von Auftragsproduktionen erfolgt unter strikter Nutzung verschiedener zur Verf\u00fcgung stehender Gema-Freier Musikarchive. CUT IN TV&amp;Videoproduktione verf\u00fcgt \u00fcber entsprechende Lizenzdokumente zum Einsatz dieser Musik, hierin inbegriffen ist auch das Nutzungsrecht zur Vertonung der Auftragsproduktionen. Sollte dies in gesonderten F\u00e4llen nicht der Fall sein, wird der Auftraggeber w\u00e4hrend der Angebotsphase entsprechend benachrichtigt.<\/p>\n<p class=\"bodytext\">Sofern CUT IN TV&amp;Videoproduktion durch den Auftraggeber explizit zur Nutzung anderer Musiken aufgefordert wird (z.B. durch \u00dcberreichung von CDs mit der Bitte diese zur Vertonung zu nutzen) verpflichtet sich der Auftraggeber zur Kl\u00e4rung und Einholung aller n\u00f6tigen in Zusammenhang mit dieser Musik stehenden Nutzungs- und Lizenzrechte (z.B. Gema, Verlagsrechte etc.).<\/p>\n<p class=\"bodytext\">Eine Rechtberatung seitens CUT IN TV&amp; Videoproduktion wird nicht durchgef\u00fchrt. Der Auftraggeber best\u00e4tigt mit \u00dcbergabe der Tontr\u00e4ger die Freistellung des Auftragnehmers von s\u00e4mtlichen Lizensierungsvorg\u00e4ngen, insbesondere jedoch ist CUT IN TV&amp; Vidoeproduktion bei Rechtsanspr\u00fcchen dritter im Zusammenhang mit der Nutzung der Musik freigestellt. Die alleinige Haftung liegt beim Auftraggeber. CUT IN TV&amp;Videoproduktion ber\u00e4t jeden Auftraggeber dahingehend, auf die Nutzung des Gema-freien Musikarchives zur\u00fcckzugreifen.<\/p>\n<p class=\"bodytext\"><b>Haftungsausschluss \/ Kompatibilit\u00e4t von Medien:<\/b><br \/>Die Medien werden vom Auftragnehmer auf Kompatibilit\u00e4t gepr\u00fcft und sind auf handels\u00fcblichen Wiedergabeger\u00e4ten anspielbar. Dennoch kann es zu Inkompatibilit\u00e4ten bei bestimmten Wiedergabeger\u00e4ten und Medienkombinationen kommen. Der Auftragnehmer \u00fcbernimmt keine Haftung, dass die verwendeten Medien ausnahmslos auf allen Wiedergabeger\u00e4ten fehlerfrei abspielbar sind.<br \/>Desweiteren wird keine Haftung f\u00fcr etwaige Sch\u00e4den, die durch unsachgem\u00e4\u00dfe Verwendung der Medien entstehen \u00fcbernommen.<\/p>\n<p class=\"bodytext\"><b>Haftungseinschr\u00e4nkung bei \u00dcbergabepunkten:<\/b><br \/>Handelt es sich bei der beauftragten Produktion um medientechnische Aufbauten an einem Veranstaltungsort (z.B. Galaevent, Konferenz, Konzertaufzeichnung, Sportereignis oder vergleichbarem) haftet CUT IN TV&amp; Videoproduktion lediglich \u00fcber die Erf\u00fcllung des schriftlichen Auftrags und bis zur maximalen Auftragssumme. Keine Haftung wird \u00fcbernommen f\u00fcr Kompatibilit\u00e4tseinschr\u00e4nkungen zwischen eigener Technik und Schnittpunkten mit technischen Aufbauen anderer Dienstleister, Produktionsfirmen oder bereits vorinstallierten Systemen, z.B. des Veranstaltungsortes oder des Auftraggebers.<\/p>\n<p class=\"bodytext\">CUT IN TV&amp;Videoproduktion beh\u00e4lt sich vor, bei vor Ort auftretenden Problemen, die nicht Bestandteil des Auftrages sind keine eingreifenden Schritte zu unternehmen. Hierzu z\u00e4hlt insbesondere die Bedienung von Ger\u00e4tschaften aller Art, die nicht in den Auftragsbereich fallen.<\/p>\n<p class=\"bodytext\">Auf Wunsch des Auftraggebers und unter Voraussetzung der kapazitiven Reserven innerhalb des Produktionsteames vor Ort, sowie der n\u00f6tigen Kompetenzen zur Bedienung ist es das Ziel von CUT IN TV&amp;Videoproduktion einen reibungslosen Veranstaltungsablauf durch Eingriff auch in nicht beauftragte Bereich zu erm\u00f6glichen. Jene nicht beauftragten Bereiche werden dann jedoch auf eigenes Risiko des Auftraggebers bedient und fallen nicht unter den Haftungsbereich von CUT IN TV&amp;Videoproduktion. Eventuelle M\u00e4ngel, die durch den Zustand fremder Ger\u00e4te oder eingeschr\u00e4nkte zeitliche Kapazit\u00e4t des<\/p>\n<p class=\"bodytext\">Teams entstehen stellen keinen Reklamationsgrund dar. Der Eingriff in technische Bereiche au\u00dferhalb des Auftragsumfanges erfolgt nur nach entweder schriftlicher Willenserkl\u00e4rung des Auftraggebers vor Beginn der Veranstaltung oder im Falle einer m\u00fcndlichen Absprache bei Anwesenheit mindestens einer zweiten auftragnehmerseitigen Person, die als Zeuge fungiert.<\/p>\n<p class=\"bodytext\"><b>Stromanschl\u00fcsse &amp; Parkpl\u00e4tze:<\/b><br \/>Die Gestellung der ben\u00f6tigten Stromanschl\u00fcsse, sowie Parkpl\u00e4tze f\u00fcr Produktionsfahrzeuge liegt im Verantwortungsbereich des Auftraggebers. Der Bedarf wird sp\u00e4testens bei Beauftragung durch den Auftragnehmer angemeldet. Einschr\u00e4nkungen bei Stromanschl\u00fcssen und Parkpl\u00e4tzen k\u00f6nnen sich je nach Grad der Auswirkung in der Produktionsqualit\u00e4t, bzw. generellen Durchf\u00fchrbarkeit bemerkbar machen.<\/p>\n<p class=\"bodytext\"><b>\u00dcbernahme von Audiosignalen:<br \/><\/b>Wenn die Beschallung einer Veranstaltung nicht von CUT IN TV&amp;Videoproduktion durchgef\u00fchrt wird, liefert der Auftraggeber bzw. seine Beschallungsfirma ein brummfreies, symmetrisches XLR-Audiosignal bei CUT IN TV&amp;Videoproduktion in der Produktionsregie \/ am \u00dcbertragungswagen an. CUT IN TV&amp;Videoproduktion mischt nach Absprache Atmo (Applaus etc.) zu.<\/p>\n<p class=\"bodytext\"><b>Beleuchtung:<br \/><\/b>Wird die Beleuchtung nicht von CUT IN TV&amp;Videoproduktion durchgef\u00fchrt, so stehen wir gerne beratend zur Verf\u00fcgung. Es kann jedoch keine Garantie f\u00fcr die Videotauglichkeit \u00fcbernommen werden.<\/p>\n<p class=\"bodytext\"><b>Stornierung:<\/b><br \/>Bei einer Stornierung seitens des Auftraggebers bis vier Wochen vor Produktionsbeginn werden 50%, bis 2 Wochen vorher 75%, danach 100% der vereinbarten Verg\u00fctung in Rechnung gestellt.<br \/>Eine Stornierung bedarf der Schriftform. Als Produktionsbeginn gilt die erstmalige Abreise zu einem Produktionsort im Zusammenhang mit der gebuchten Produktion ab Firmensitz \u00dcttfeld.<\/p>\n<p class=\"bodytext\"><b>Sonstige Bestimmungen:<\/b><br \/>Sollte dem Auftragnehmer jegliche Unterst\u00fctzung durch den Auftraggeber am Drehort fehlen, so \u00fcbernimmt der Auftragnehmer keine Haftung f\u00fcr die Qualit\u00e4t des Rohmaterials und der daraus resultierenden Endprodukte. Hierzu z\u00e4hlen beispielsweise fehlende Stromanschl\u00fcsse, Verweigerung von Kamerastandorten, Einschr\u00e4nkungen durch Anweisungen von Sicherheitspersonal sowie fehlerhafte, unvollst\u00e4ndige oder fehlerhafte Informationen, auf deren Grundlage sich die Produktion st\u00fctzt.<br \/>Der Auftragnehmer ist berechtigt, seinen Firmennamen und sein Firmenlogo als Copyrightvermerk im Abspann und auf dem Cover einer Produktion zu zeigen. Er hat weiterhin das Recht das Werk zur Eigenwerbung im eigenen Hause, vor Ort bei Kundengespr\u00e4chen oder in Ausschnitten von maximal drei Minuten Dauer auf der Webseite www.cut-in-video.de und deren Unterseiten zu pr\u00e4sentieren, sofern dies nicht anders vom Auftraggeber schriftlich verlautbart wurde.<\/p>\n<p class=\"bodytext\"><b>CUT IN TV &amp; Videoproduktion, Inh. Dieter Heyen , Hauptstra\u00dfe 6a \u2022 54619 \u00dcttfeld<\/b><\/p>\n<p class=\"bodytext\"><b>Telefon: 06559-9009836<\/b><\/p>\n<p class=\"bodytext\"><b>Ust.ID-Nr.: DE 812 216 091<\/b><\/p>\n<p class=\"bodytext\"><b>zust\u00e4ndiges Gewerbeamt: Verbandsgemeinde Arzfeld<\/b><\/p>\n<\/div>\n<p>[\/et_pb_text][\/et_pb_column][\/et_pb_row][et_pb_row _builder_version=&#8220;4.16&#8243; global_colors_info=&#8220;{}&#8220;][et_pb_column type=&#8220;4_4&#8243; _builder_version=&#8220;4.16&#8243; custom_padding=&#8220;|||&#8220; global_colors_info=&#8220;{}&#8220; custom_padding__hover=&#8220;|||&#8220;][et_pb_text _builder_version=&#8220;4.16&#8243; global_colors_info=&#8220;{}&#8220;][\/et_pb_text][\/et_pb_column][\/et_pb_row][\/et_pb_section][et_pb_section fb_built=&#8220;1&#8243; _builder_version=&#8220;4.16&#8243; global_colors_info=&#8220;{}&#8220;][et_pb_row column_structure=&#8220;1_3,2_3&#8243; _builder_version=&#8220;4.16&#8243; global_colors_info=&#8220;{}&#8220;][et_pb_column type=&#8220;1_3&#8243; _builder_version=&#8220;4.16&#8243; custom_padding=&#8220;|||&#8220; global_colors_info=&#8220;{}&#8220; custom_padding__hover=&#8220;|||&#8220;][\/et_pb_column][et_pb_column type=&#8220;2_3&#8243; _builder_version=&#8220;4.16&#8243; custom_padding=&#8220;|||&#8220; global_colors_info=&#8220;{}&#8220; custom_padding__hover=&#8220;|||&#8220;][et_pb_text _builder_version=&#8220;4.16&#8243; background_size=&#8220;initial&#8220; background_position=&#8220;top_left&#8220; background_repeat=&#8220;repeat&#8220; global_colors_info=&#8220;{}&#8220;]E-Mail: <a href=\"mailto:info@CUT-IN-VIDEO.de\">info@CUT-IN-VIDEO.de<\/a><br \/>\nInternet: <a href=\"http:\/\/www.cut-in-video.de\/\" target=\"_top\" rel=\"noopener\">www.CUT-IN-VIDEO.de<\/a><\/p>\n<p>Diese Homepage wurde von <a class=\"external-link-new-window\" title=\"\u00d6ffnet externen Link in neuem Fenster\" href=\"http:\/\/www.soundlabmedia.de\/\" target=\"_blank\" rel=\"noopener\">SoundlabMedia<\/a> erstellt.<br \/>\nDas Java-Script implementierte <a class=\"external-link-new-window\" title=\"\u00d6ffnet externen Link in neuem Fenster\" href=\"http:\/\/www.moodesign.de\/\" target=\"_blank\" rel=\"noopener\">moodesign<\/a>.<\/p>\n<p>Gewartet wir die Homepage von CUT IN TV- &amp; Videoproduktionen.<\/p>\n<p>Alle hierin befindlichen Bilder und Grafiken stammen aus Produktionen, an denen wir wesentlich beteiligt waren.<\/p>\n<p>\u00a9 an Bildern und Grafiken, CUT IN Videoproduktionen.<\/p>\n<p><a href=\"http:\/\/www.CUT-IN-VIDEO.de\" target=\"_blank\" rel=\"noopener\">http:\/\/www.CUT-IN-VIDEO.de<\/a>Umsatzsteuer-Identifikationsnummer \u00a7 27A Umsatzsteuergesetz: UST.ID DE 812 216 091<\/p>\n<p><b>Haftungshinweis:<\/b><br \/>\nTrotz sorgf\u00e4ltiger inhaltlicher Kontrolle \u00dcbernehmen wir keine Haftung f\u00fcr die Inhalte externer Links.<br \/>\nF\u00fcr den Inhalt der verlinkten Seiten sind ausschlie\u00dflich deren Betreiber verantwortlich.<br \/>\n[\/et_pb_text][\/et_pb_column][\/et_pb_row][et_pb_row _builder_version=&#8220;4.16&#8243; global_colors_info=&#8220;{}&#8220;][et_pb_column type=&#8220;4_4&#8243; _builder_version=&#8220;4.16&#8243; custom_padding=&#8220;|||&#8220; global_colors_info=&#8220;{}&#8220; custom_padding__hover=&#8220;|||&#8220;][et_pb_text _builder_version=&#8220;4.16&#8243; global_colors_info=&#8220;{}&#8220;][\/et_pb_text][\/et_pb_column][\/et_pb_row][\/et_pb_section]<\/p>\n","protected":false},"excerpt":{"rendered":"<p>AGB CUT IN TV &amp; Videoproduktion, Inh. Dieter Heyen , Hauptstra\u00dfe 6a \u2022 54619 \u00dcttfeld Allgemeine Gesch\u00e4ftsbedingungen Stand 9.10.2018 Geltungsbereich:F\u00fcr die Gesch\u00e4ftsbeziehungen zwischen CUT IN TV &amp; Video (nachfolgend Auftragnehmer) und dem Besteller eines Produktes bzw. einer Dienstleistung (nachfolgend Auftraggeber), gelten ausschlie\u00dflich die nachfolgenden Allgemeinen Gesch\u00e4ftsbedingungen, in ihrer zum Zeitpunkt der Bestellungg\u00fcltigen Fassung.Mit der Abgabe [&hellip;]<\/p>\n","protected":false},"author":1,"featured_media":0,"parent":0,"menu_order":5,"comment_status":"closed","ping_status":"closed","template":"","meta":{"_et_pb_use_builder":"on","_et_pb_old_content":"<p>[et_pb_section bb_built=\"1\" _builder_version=\"3.0.64\"][et_pb_row _builder_version=\"3.0.64\"][\/et_pb_row][\/et_pb_section]<\/p>","_et_gb_content_width":"","footnotes":""},"class_list":["post-1103","page","type-page","status-publish","hentry"],"_links":{"self":[{"href":"https:\/\/cutinvideo.de\/site\/wp-json\/wp\/v2\/pages\/1103","targetHints":{"allow":["GET"]}}],"collection":[{"href":"https:\/\/cutinvideo.de\/site\/wp-json\/wp\/v2\/pages"}],"about":[{"href":"https:\/\/cutinvideo.de\/site\/wp-json\/wp\/v2\/types\/page"}],"author":[{"embeddable":true,"href":"https:\/\/cutinvideo.de\/site\/wp-json\/wp\/v2\/users\/1"}],"replies":[{"embeddable":true,"href":"https:\/\/cutinvideo.de\/site\/wp-json\/wp\/v2\/comments?post=1103"}],"version-history":[{"count":9,"href":"https:\/\/cutinvideo.de\/site\/wp-json\/wp\/v2\/pages\/1103\/revisions"}],"predecessor-version":[{"id":2307,"href":"https:\/\/cutinvideo.de\/site\/wp-json\/wp\/v2\/pages\/1103\/revisions\/2307"}],"wp:attachment":[{"href":"https:\/\/cutinvideo.de\/site\/wp-json\/wp\/v2\/media?parent=1103"}],"curies":[{"name":"wp","href":"https:\/\/api.w.org\/{rel}","templated":true}]}}