{"id":1192,"date":"2018-10-28T23:38:42","date_gmt":"2018-10-28T22:38:42","guid":{"rendered":"https:\/\/cutinvideo.de\/site\/?page_id=1192"},"modified":"2021-08-31T14:21:31","modified_gmt":"2021-08-31T12:21:31","slug":"kamerakran","status":"publish","type":"page","link":"https:\/\/cutinvideo.de\/site\/kamerakran\/","title":{"rendered":"Unsere Kamerakr\u00e4ne"},"content":{"rendered":"<p>[et_pb_section fb_built=&#8220;1&#8243; _builder_version=&#8220;3.22&#8243;][\/et_pb_section][et_pb_section fb_built=&#8220;1&#8243; _builder_version=&#8220;3.22&#8243;][et_pb_row _builder_version=&#8220;3.25&#8243;][et_pb_column type=&#8220;4_4&#8243; _builder_version=&#8220;3.25&#8243; custom_padding=&#8220;|||&#8220; custom_padding__hover=&#8220;|||&#8220;][et_pb_divider _builder_version=&#8220;4.4.2&#8243; min_height=&#8220;61px&#8220;][\/et_pb_divider][et_pb_image src=&#8220;https:\/\/cutinvideo.de\/site\/wp-content\/uploads\/2018\/10\/ABC120.jpg&#8220; align_tablet=&#8220;center&#8220; align_phone=&#8220;&#8220; align_last_edited=&#8220;on|desktop&#8220; _builder_version=&#8220;4.4.2&#8243; animation_style=&#8220;slide&#8220; animation_direction=&#8220;left&#8220; animation_duration=&#8220;500ms&#8220; animation_intensity_slide=&#8220;10%&#8220; sticky=&#8220;off&#8220; border_style=&#8220;solid&#8220; always_center_on_mobile=&#8220;on&#8220;][\/et_pb_image][et_pb_text _builder_version=&#8220;3.27.4&#8243; background_size=&#8220;initial&#8220; background_position=&#8220;top_left&#8220; background_repeat=&#8220;repeat&#8220; border_style=&#8220;solid&#8220;]<\/p>\n<h3><span style=\"color: #003366;\"><strong><br \/>ABC Crane 120 als Set<\/strong><\/span><\/h3>\n<p><strong>ABC Crane 120<\/strong> L\u00e4nge 12 Meter Front crane arm 10,87m<br \/>Krankopf Crane 120 ,Gewichtstr\u00e4ger Crane 120,<br \/>Zuladung 20kg, <br \/>Gegengewichte 420kg, <br \/>Kameraplatte Sony UTC14,<br \/>7\u201c Monitor HDSDI<\/p>\n<p><strong>Dolly auf Luftr\u00e4dern (ABC CD5) <\/strong><\/p>\n<p><strong>Remote Head<\/strong> <strong>Pel\u00e9 XL35<br \/> <\/strong>Zuladung 30Kg,<span> <br \/> <\/span><strong>Steuerpanel Remote Head Pel\u00e9:<\/strong><br \/> <span>Das Steuerpanel verf\u00fcgt \u00fcber einen 2-Achsen Joystick,<\/span><br \/> <span>Umschalter f\u00fcr den Richtungswechsel, Geschwindigkeitsregler,\u00a0<br \/><\/span><span>Zoom-Wippe, Focus Rad, Rec. <br \/><\/span>Blendensteuerung im \u00dc-Wagen \u00fcber RCP.<\/p>\n<p>&nbsp;<\/p>\n<p>[\/et_pb_text][et_pb_image src=&#8220;https:\/\/cutinvideo.de\/site\/wp-content\/uploads\/2018\/10\/ABC100.jpg&#8220; align_tablet=&#8220;center&#8220; align_phone=&#8220;&#8220; align_last_edited=&#8220;on|desktop&#8220; _builder_version=&#8220;3.23&#8243; animation_style=&#8220;slide&#8220; animation_direction=&#8220;left&#8220; animation_duration=&#8220;500ms&#8220; animation_intensity_slide=&#8220;10%&#8220; sticky=&#8220;off&#8220; border_style=&#8220;solid&#8220; always_center_on_mobile=&#8220;on&#8220;][\/et_pb_image][et_pb_text _builder_version=&#8220;3.27.4&#8243; background_size=&#8220;initial&#8220; background_position=&#8220;top_left&#8220; background_repeat=&#8220;repeat&#8220; border_style=&#8220;solid&#8220;]<\/p>\n<h3><span style=\"color: #003366;\"><strong>ABC Crane 100 als Set<\/strong><\/span><\/h3>\n<p>L\u00e4nge 8 Meter \u2013 Front crane arm 6,36m<br \/>Krankopf Crane 120 ,<br \/>Gewichtstr\u00e4ger Crane 120,<br \/>Zuladung 20kg,<br \/>Gegengewichte 100kg,<br \/>Kameraplatte Sony UTC14,<br \/>7\u201c Monitor HDSDI<\/p>\n<p><strong>ABC-Bullstand-Stativ <\/strong>Schwerlaststativ f\u00fcr Crane 100\/120 und MovieJib mit Nivelliervorrichtung und Sicherungsstiften. Mit robuster Mittelspinne und St\u00fctzrohr.<\/p>\n<p>[\/et_pb_text][et_pb_divider show_divider=&#8220;off&#8220; disabled_on=&#8220;on|on|off&#8220; _builder_version=&#8220;3.2&#8243; hide_on_mobile=&#8220;on&#8220;][\/et_pb_divider][\/et_pb_column][\/et_pb_row][\/et_pb_section]<\/p>\n","protected":false},"excerpt":{"rendered":"<p>ABC Crane 120 als Set ABC Crane 120 L\u00e4nge 12 Meter Front crane arm 10,87mKrankopf Crane 120 ,Gewichtstr\u00e4ger Crane 120,Zuladung 20kg, Gegengewichte 420kg, Kameraplatte Sony UTC14,7\u201c Monitor HDSDI Dolly auf Luftr\u00e4dern (ABC CD5) Remote Head Pel\u00e9 XL35 Zuladung 30Kg, Steuerpanel Remote Head Pel\u00e9: Das Steuerpanel verf\u00fcgt \u00fcber einen 2-Achsen Joystick, Umschalter f\u00fcr den Richtungswechsel, Geschwindigkeitsregler,\u00a0Zoom-Wippe, [&hellip;]<\/p>\n","protected":false},"author":1,"featured_media":0,"parent":0,"menu_order":6,"comment_status":"closed","ping_status":"closed","template":"","meta":{"_et_pb_use_builder":"on","_et_pb_old_content":"","_et_gb_content_width":"","footnotes":""},"class_list":["post-1192","page","type-page","status-publish","hentry"],"_links":{"self":[{"href":"https:\/\/cutinvideo.de\/site\/wp-json\/wp\/v2\/pages\/1192","targetHints":{"allow":["GET"]}}],"collection":[{"href":"https:\/\/cutinvideo.de\/site\/wp-json\/wp\/v2\/pages"}],"about":[{"href":"https:\/\/cutinvideo.de\/site\/wp-json\/wp\/v2\/types\/page"}],"author":[{"embeddable":true,"href":"https:\/\/cutinvideo.de\/site\/wp-json\/wp\/v2\/users\/1"}],"replies":[{"embeddable":true,"href":"https:\/\/cutinvideo.de\/site\/wp-json\/wp\/v2\/comments?post=1192"}],"version-history":[{"count":31,"href":"https:\/\/cutinvideo.de\/site\/wp-json\/wp\/v2\/pages\/1192\/revisions"}],"predecessor-version":[{"id":2202,"href":"https:\/\/cutinvideo.de\/site\/wp-json\/wp\/v2\/pages\/1192\/revisions\/2202"}],"wp:attachment":[{"href":"https:\/\/cutinvideo.de\/site\/wp-json\/wp\/v2\/media?parent=1192"}],"curies":[{"name":"wp","href":"https:\/\/api.w.org\/{rel}","templated":true}]}}