{"id":917,"date":"2018-01-06T16:47:31","date_gmt":"2018-01-06T15:47:31","guid":{"rendered":"https:\/\/cutinvideo.de\/site\/?page_id=917"},"modified":"2024-11-06T12:46:16","modified_gmt":"2024-11-06T11:46:16","slug":"technik","status":"publish","type":"page","link":"https:\/\/cutinvideo.de\/site\/technik\/","title":{"rendered":"Technik"},"content":{"rendered":"<p>[et_pb_section fb_built=&#8220;1&#8243; fullwidth=&#8220;on&#8220; _builder_version=&#8220;4.19.5&#8243; _module_preset=&#8220;default&#8220; global_colors_info=&#8220;{}&#8220;][\/et_pb_section][et_pb_section fb_built=&#8220;1&#8243; _builder_version=&#8220;4.19.5&#8243; _module_preset=&#8220;default&#8220; global_colors_info=&#8220;{}&#8220;][et_pb_row _builder_version=&#8220;4.19.5&#8243; _module_preset=&#8220;default&#8220; global_colors_info=&#8220;{}&#8220;][et_pb_column type=&#8220;4_4&#8243; _builder_version=&#8220;4.19.5&#8243; _module_preset=&#8220;default&#8220; global_colors_info=&#8220;{}&#8220;][et_pb_text _builder_version=&#8220;4.27.2&#8243; custom_padding=&#8220;|||7px||&#8220; global_colors_info=&#8220;{}&#8220;]<\/p>\n<div class=\"csc-header csc-header-n1\">\n<h2><span style=\"color: #375aa1;\">\u00a0<\/span><\/h2>\n<h2><span style=\"color: #375aa1;\">Eigene Technik<br \/><\/span><\/h2>\n<p class=\"csc-firstHeader\"><span style=\"color: #333399;\"><br \/><\/span>Wir verf\u00fcgen \u00fcber eine gro\u00dfe Auswahl an eigener Video-Technik um Ihr Event erfolgreich zu gestalten.\u00a0 Dazu z\u00e4hlen 11 Broadcast Kameraz\u00fcge die selbstverst\u00e4ndlich alle \u00fcber unsere modularen Bildtechnikeinheiten gesteuert werden k\u00f6nnen. Der Kunde kann zwischen verschieden Kameramodellen w\u00e4hlen und sich sein passendes Set-UP zusammenstellen.<\/p>\n<\/div>\n<div class=\"csc-textpic-text\">\n<p>Zus\u00e4tzlich stehen noch weiter Kameramodelle, wie z.B. GoPro, Marshall, Panasonic GH5 und andere Minicams \u00a0zur Verf\u00fcgung. <br \/>Zwei mobile Bildtechnik-Rack\u00b4s k\u00f6nnen 8 Kameras steuern.<br \/>Alle Kamerabilder werden zeitgleich f\u00fcr den Bildtechniker in Waveform und Realbild dargestellt.<\/p>\n<\/div>\n<p>[\/et_pb_text][et_pb_text _builder_version=&#8220;4.16&#8243; custom_padding=&#8220;0px|||||&#8220; global_colors_info=&#8220;{}&#8220;]<\/p>\n<p>&nbsp;<\/p>\n<h2><span style=\"color: #375aa1;\"> Glasfasertechnik<\/span><\/h2>\n<p>Unsere Kameras sind alle f\u00fcr die Steuerung und Bild\u00fcbertragung (bis 4K\/12G) mit Glasfasermodul ausgestattet.<br \/>Die \u00dcbertragung per Glas funktioniert mit LC-Duplex oder mit OpticalCon-Duo und ist somit 100% kompatibel mit der<br \/>Vorverkabelung in zahlreichen S\u00e4len.<br \/>F\u00fcr Au\u00dfeneins\u00e4tze \u00fcber sehr lange Distanzen (mehrere KM sind m\u00f6glich) werden spezielle, von uns entwickelte,<br \/>SMPTE311-Kabel genutzt. \u00dcber ein Hybrid-Kabel wird gleichzeitig die Bild\u00fcbertragung, die Kamerasteuerung, die<br \/>Stromversorgung und die Intercom betrieben.<\/p>\n<p>&nbsp;<\/p>\n<p>[\/et_pb_text][et_pb_image src=&#8220;https:\/\/cutinvideo.de\/site\/wp-content\/uploads\/2020\/03\/Live-OP-\u00dcbertragung-1080&#215;810-1.jpg&#8220; align_tablet=&#8220;center&#8220; align_phone=&#8220;&#8220; align_last_edited=&#8220;on|desktop&#8220; _builder_version=&#8220;4.27.2&#8243; custom_margin=&#8220;2px|||||&#8220; animation_style=&#8220;slide&#8220; animation_direction=&#8220;left&#8220; animation_duration=&#8220;500ms&#8220; animation_intensity_slide=&#8220;10%&#8220; global_colors_info=&#8220;{}&#8220;][\/et_pb_image][et_pb_text _builder_version=&#8220;4.19.5&#8243; custom_padding=&#8220;3px|||||&#8220; global_colors_info=&#8220;{}&#8220;]<\/p>\n<div class=\"csc-header csc-header-n1\">\n<p>Zusammen mit unseren 8 verschiedenen Bildmischern k\u00f6nnen gro\u00dfe Live-Regien mit Sub-Regien gebaut werden.<br \/>Und das in 4K sowie 8K.<\/p>\n<\/div>\n<p>[\/et_pb_text][et_pb_image src=&#8220;https:\/\/cutinvideo.de\/site\/wp-content\/uploads\/2020\/04\/Bildtechnik-Produktion-Emmanuel-Macron-1-scaled-e1585695652420.jpg&#8220; align_tablet=&#8220;center&#8220; align_phone=&#8220;&#8220; align_last_edited=&#8220;on|desktop&#8220; admin_label=&#8220;Bild&#8220; _builder_version=&#8220;4.27.2&#8243; max_width_tablet=&#8220;&#8220; max_width_phone=&#8220;&#8220; max_width_last_edited=&#8220;on|desktop&#8220; animation_style=&#8220;slide&#8220; animation_direction=&#8220;left&#8220; animation_duration=&#8220;500ms&#8220; animation_intensity_slide=&#8220;10%&#8220; border_width_all=&#8220;3px&#8220; border_color_all=&#8220;#ffffff&#8220; border_style_all=&#8220;solid&#8220; use_border_color=&#8220;on&#8220; border_width=&#8220;3px&#8220; global_colors_info=&#8220;{}&#8220;][\/et_pb_image][et_pb_text _builder_version=&#8220;4.16&#8243; global_colors_info=&#8220;{}&#8220;]<\/p>\n<p>Bildtechnik mit Sony RCP<\/p>\n<p>[\/et_pb_text][\/et_pb_column][\/et_pb_row][\/et_pb_section]<\/p>\n","protected":false},"excerpt":{"rendered":"<p>\u00a0 Eigene Technik Wir verf\u00fcgen \u00fcber eine gro\u00dfe Auswahl an eigener Video-Technik um Ihr Event erfolgreich zu gestalten.\u00a0 Dazu z\u00e4hlen 11 Broadcast Kameraz\u00fcge die selbstverst\u00e4ndlich alle \u00fcber unsere modularen Bildtechnikeinheiten gesteuert werden k\u00f6nnen. Der Kunde kann zwischen verschieden Kameramodellen w\u00e4hlen und sich sein passendes Set-UP zusammenstellen. Zus\u00e4tzlich stehen noch weiter Kameramodelle, wie z.B. GoPro, Marshall, [&hellip;]<\/p>\n","protected":false},"author":1,"featured_media":0,"parent":0,"menu_order":15,"comment_status":"closed","ping_status":"closed","template":"","meta":{"_et_pb_use_builder":"on","_et_pb_old_content":"","_et_gb_content_width":"","footnotes":""},"class_list":["post-917","page","type-page","status-publish","hentry"],"_links":{"self":[{"href":"https:\/\/cutinvideo.de\/site\/wp-json\/wp\/v2\/pages\/917","targetHints":{"allow":["GET"]}}],"collection":[{"href":"https:\/\/cutinvideo.de\/site\/wp-json\/wp\/v2\/pages"}],"about":[{"href":"https:\/\/cutinvideo.de\/site\/wp-json\/wp\/v2\/types\/page"}],"author":[{"embeddable":true,"href":"https:\/\/cutinvideo.de\/site\/wp-json\/wp\/v2\/users\/1"}],"replies":[{"embeddable":true,"href":"https:\/\/cutinvideo.de\/site\/wp-json\/wp\/v2\/comments?post=917"}],"version-history":[{"count":55,"href":"https:\/\/cutinvideo.de\/site\/wp-json\/wp\/v2\/pages\/917\/revisions"}],"predecessor-version":[{"id":2321,"href":"https:\/\/cutinvideo.de\/site\/wp-json\/wp\/v2\/pages\/917\/revisions\/2321"}],"wp:attachment":[{"href":"https:\/\/cutinvideo.de\/site\/wp-json\/wp\/v2\/media?parent=917"}],"curies":[{"name":"wp","href":"https:\/\/api.w.org\/{rel}","templated":true}]}}