{"id":922,"date":"2018-01-06T16:51:33","date_gmt":"2018-01-06T15:51:33","guid":{"rendered":"https:\/\/cutinvideo.de\/site\/?page_id=922"},"modified":"2025-10-08T15:03:41","modified_gmt":"2025-10-08T13:03:41","slug":"kameras","status":"publish","type":"page","link":"https:\/\/cutinvideo.de\/site\/technik\/kameras\/","title":{"rendered":"Kameras"},"content":{"rendered":"<p>[et_pb_section fb_built=&#8220;1&#8243; _builder_version=&#8220;4.16&#8243; global_colors_info=&#8220;{}&#8220;][et_pb_row column_structure=&#8220;1_3,2_3&#8243; _builder_version=&#8220;4.18.0&#8243; global_colors_info=&#8220;{}&#8220;][et_pb_column type=&#8220;1_3&#8243; _builder_version=&#8220;4.16&#8243; custom_padding=&#8220;|||&#8220; global_colors_info=&#8220;{}&#8220; custom_padding__hover=&#8220;|||&#8220;][et_pb_image src=&#8220;https:\/\/cutinvideo.de\/site\/wp-content\/uploads\/2020\/11\/4H-HDR-Camcorder-Sony-PXW-Z450.jpg&#8220; align_tablet=&#8220;center&#8220; align_phone=&#8220;&#8220; align_last_edited=&#8220;on|desktop&#8220; _builder_version=&#8220;4.16&#8243; animation_style=&#8220;slide&#8220; animation_direction=&#8220;left&#8220; animation_duration=&#8220;500ms&#8220; animation_intensity_slide=&#8220;10%&#8220; border_style=&#8220;solid&#8220; sticky=&#8220;off&#8220; always_center_on_mobile=&#8220;on&#8220; global_colors_info=&#8220;{}&#8220;][\/et_pb_image][et_pb_image align_tablet=&#8220;center&#8220; align_phone=&#8220;&#8220; align_last_edited=&#8220;on|desktop&#8220; _builder_version=&#8220;4.18.0&#8243; animation_style=&#8220;slide&#8220; animation_direction=&#8220;left&#8220; animation_duration=&#8220;500ms&#8220; animation_intensity_slide=&#8220;10%&#8220; border_style=&#8220;solid&#8220; sticky=&#8220;off&#8220; always_center_on_mobile=&#8220;on&#8220; global_colors_info=&#8220;{}&#8220;][\/et_pb_image][\/et_pb_column][et_pb_column type=&#8220;2_3&#8243; _builder_version=&#8220;4.16&#8243; custom_padding=&#8220;|||&#8220; global_colors_info=&#8220;{}&#8220; custom_padding__hover=&#8220;|||&#8220;][et_pb_text _builder_version=&#8220;4.16&#8243; border_style=&#8220;solid&#8220; global_colors_info=&#8220;{}&#8220;]<\/p>\n<div id=\"c605\" class=\"csc-default\">\n<div class=\"csc-textpic csc-textpic-intext-right csc-textpic-caption-c\">\n<div class=\"csc-textpic-text\">\n<h1><\/h1>\n<h1><span style=\"color: #003366;\">4 x Sony PXW Z450<br \/> <\/span><\/h1>\n<h2 data-reactid=\"377\">4K-HDR-Schulter-Camcorder mit 2\/3\u201c-Exmor-CMOS-Sensor<br \/> Als EB-Einheit oder Kamerazug f\u00fcr 4K-Liveproduktionen<\/h2>\n<div class=\"overviews-list-common overviews-list\" data-reactid=\"450\">\n<h5 class=\"inner-content product-overviews-title\" data-reactid=\"451\">Der erste 4K-HDR-Schulter-Camcorder der Welt<\/h5>\n<div class=\"inner-content\" data-reactid=\"452\">\n<p>Der bahnbrechende Schulter-Camcorder PXW-Z450 bietet nicht nur eine Aufl\u00f6sung in 4K (3840 x 2160), sondern auch eine hervorragende Ergonomie und eine vielseitige 2\/3\u201c-B4-Objektivfassung. Der Camcorder ist ein robustes, leistungsstarkes Werkzeug f\u00fcr die Erstellung von 4K- und HD-Nachrichten, Dokumentationen, Live-Veranstaltungen und Au\u00dfeneins\u00e4tze.<\/p>\n<p>Der Camcorder PXW-Z450 nimmt im Format 4K QFHD (3840 x 2160) bei 50p\/59,94p auf und bietet 4K-Zeitlupe und Zeitraffer mit bis zu 59,94p* sowie verschiedene HD-Formate, einschlie\u00dflich XAVC Intra, XAVC Long GOP, MPEG HD 422 und MPEG HD 420. Mit der PXW-Z450 k\u00f6nnen nicht nur SDR-, sondern auch HDR-Bilder als Hybrid Log Gamma (HLG) und S-Log3 mit Farbraum BT.2020* aufgezeichnet werden.<\/p>\n<p>Dank des speziell entwickelten 4K-2\/3\u201c-Exmor-R-CMOS-Sensors k\u00f6nnen mit der PXW-Z450 viele kommerziell verf\u00fcgbare B4-Mount-Objektive ohne Adapter verwendet werden. Die PXW-Z450 bietet dieselben erweiterten Funktionen wie der HD-Camcorder PXW-X400: eine optimale Gewichtsverteilung, einen niedrigen Stromverbrauch und herausragende Netzwerkfunktionen.<\/p>\n<p>&nbsp;<\/p>\n<\/div>\n<\/div>\n<div class=\"overviews-list-common pro-benefits-list\" data-reactid=\"453\">\n<h5 class=\"inner-content product-overviews-title\" data-reactid=\"454\">Gleichzeitige 4K-HDR-\/HD-SDR-Aufnahme<\/h5>\n<div class=\"inner-content\" data-reactid=\"455\">Mit der PXW-Z450 k\u00f6nnen 4K-HDR und HD-SDR gleichzeitig aufgenommen werden, um Workflows mit hoher Geschwindigkeit zu unterst\u00fctzen.* Es muss also keine Zeit darauf verwendet werden, 4K-HDR-Clips f\u00fcr die Ausstrahlung in HD-SDR zu konvertieren.<\/div>\n<\/div>\n<div class=\"overviews-list-common pro-benefits-list\" data-reactid=\"456\">\n<h5 class=\"inner-content product-overviews-title\" data-reactid=\"457\">Hochmoderne Bildkontrolle*<\/h5>\n<div class=\"inner-content\" data-reactid=\"458\">Die Bildqualit\u00e4t von BT.709-Bildern kann bei S-Log3- oder HLG-Aufnahmen im Sucher kontrolliert werden und f\u00fcr Bilder in 4K-Aufl\u00f6sung ist eine hochwertige Fokusvergr\u00f6\u00dferung m\u00f6glich\u00a0\u2013 die HDR-Produktion wird also leichter.<\/div>\n<\/div>\n<div class=\"overviews-list-common pro-benefits-list\" data-reactid=\"459\">\n<h5 class=\"inner-content product-overviews-title\" data-reactid=\"460\">Vielseitige M\u00f6glichkeiten mit B4-ENG-Objektiven<\/h5>\n<div class=\"inner-content\" data-reactid=\"461\">Dank eines vielseitigen nativen 2\/3&#8243;-Sensors und der B4-Objektivfassung k\u00f6nnen Sie an diesem Camcorder eine Vielzahl von B4-ENG-Objektiven anbringen, einschlie\u00dflich 4K oder HD. Durch diese flexible Objektivl\u00f6sung werden vielf\u00e4ltige Aufnahmen unterst\u00fctzt.<\/div>\n<\/div>\n<div class=\"overviews-list-common pro-benefits-list\" data-reactid=\"465\"><\/div>\n<\/div>\n<\/div>\n<\/div>\n<p>[\/et_pb_text][et_pb_divider show_divider=&#8220;off&#8220; disabled_on=&#8220;on|on|off&#8220; _builder_version=&#8220;4.16&#8243; hide_on_mobile=&#8220;on&#8220; global_colors_info=&#8220;{}&#8220;][\/et_pb_divider][\/et_pb_column][\/et_pb_row][\/et_pb_section][et_pb_section fb_built=&#8220;1&#8243; _builder_version=&#8220;4.16&#8243; global_colors_info=&#8220;{}&#8220;][et_pb_row column_structure=&#8220;1_3,2_3&#8243; _builder_version=&#8220;4.16&#8243; global_colors_info=&#8220;{}&#8220;][et_pb_column type=&#8220;1_3&#8243; _builder_version=&#8220;4.16&#8243; custom_padding=&#8220;|||&#8220; global_colors_info=&#8220;{}&#8220; custom_padding__hover=&#8220;|||&#8220;][et_pb_image src=&#8220;https:\/\/cutinvideo.de\/site\/wp-content\/uploads\/2022\/10\/UE150-.jpg&#8220; title_text=&#8220;UE150&#8243; align_tablet=&#8220;center&#8220; align_phone=&#8220;&#8220; align_last_edited=&#8220;on|desktop&#8220; _builder_version=&#8220;4.18.0&#8243; animation_style=&#8220;slide&#8220; animation_direction=&#8220;left&#8220; animation_duration=&#8220;500ms&#8220; animation_intensity_slide=&#8220;10%&#8220; border_style=&#8220;solid&#8220; sticky=&#8220;off&#8220; always_center_on_mobile=&#8220;on&#8220; global_colors_info=&#8220;{}&#8220;][\/et_pb_image][\/et_pb_column][et_pb_column type=&#8220;2_3&#8243; _builder_version=&#8220;4.16&#8243; custom_padding=&#8220;|||&#8220; global_colors_info=&#8220;{}&#8220; custom_padding__hover=&#8220;|||&#8220;][et_pb_text _builder_version=&#8220;4.16&#8243; custom_padding=&#8220;||0px|||&#8220; border_style=&#8220;solid&#8220; global_colors_info=&#8220;{}&#8220;]<\/p>\n<div id=\"c605\" class=\"csc-default\">\n<div class=\"csc-textpic csc-textpic-intext-right csc-textpic-caption-c\">\n<div class=\"csc-textpic-text\">\n<h1><\/h1>\n<h1><span style=\"color: #003366;\">10 x Panasonic UE150<br \/><\/span><\/h1>\n<h2 data-reactid=\"377\">4K-HDR-PTZ Kamera f\u00fcr 4K-Liveproduktionen<\/h2>\n<div class=\"overviews-list-common overviews-list\" data-reactid=\"450\">\n<div class=\"inner-content\" data-reactid=\"452\">\n<p>&nbsp;<\/p>\n<\/div>\n<\/div>\n<div class=\"overviews-list-common pro-benefits-list\" data-reactid=\"453\">\n<h5 class=\"inner-content product-overviews-title\" data-reactid=\"454\">Gleichzeitige 4K-HDR-\/HD-SDR-\u00dcbertragung<\/h5>\n<p>Die AW-UE150 erg\u00e4nzt das bestehende Sortiment der PTZ-Kameras von Panasonic um eine weitere professionelle Kamera mit 1.0-Typ gro\u00dfem MOS-Sensor. Diese PTZ-Kamera der n\u00e4chsten Generation unterst\u00fctzt hohe Videoqualit\u00e4t (4K,\u00a050p*1), einen Bildwinkel von 75,1\u00b0, 20-fach optischen Zoom und vielf\u00e4ltige Ausgabeoptionen von 12G-SDI und HDMI bis hin zu Glasfaser und IP. Dank gleichzeitigem 4K\/HD-Betrieb ist die leistungsstarke Kamera eine ideale L\u00f6sung f\u00fcr zukunftsorientierte Anwender.<\/p>\n<p>AW-UE150 garantiert hochwertige Videoproduktion in Stadien, H\u00f6rs\u00e4len und vielen weiteren Anwendungsbereichen. Durch erstklassige, st\u00f6rungsfreie Videoqualit\u00e4t mit 4K 50p*<span class=\"superscript\">1<\/span>, Zoom mit starker Vergr\u00f6\u00dferung und weiterem Bildwinkel, erweitert die\u00a0AW-UE150 das Anwendungsspektrum der PTZ-Kameras. Sie unterst\u00fctzt verschiedene Schnittstellen und gleichzeitigen den 4K\/HD-Betrieb und erm\u00f6glicht damit flexible, zukunftssichere Produktionssysteme.<\/p>\n<p>Die Softwareversion 2.16 macht die AW-UE150-Serie kompatibel mit FreeD-, Augmented Reality- (AR) und Virtual Reality-Systemen (VR).<\/p>\n<p>&nbsp;<\/p>\n<\/div>\n<div class=\"overviews-list-common overviews-list\" data-reactid=\"450\">\n<div class=\"inner-content\" data-reactid=\"452\">\n<p>&nbsp;<\/p>\n<\/div>\n<\/div>\n<div class=\"overviews-list-common pro-benefits-list\" data-reactid=\"465\"><\/div>\n<\/div>\n<\/div>\n<\/div>\n<p>[\/et_pb_text][et_pb_divider show_divider=&#8220;off&#8220; disabled_on=&#8220;on|on|off&#8220; _builder_version=&#8220;4.16&#8243; hide_on_mobile=&#8220;on&#8220; global_colors_info=&#8220;{}&#8220;][\/et_pb_divider][\/et_pb_column][\/et_pb_row][et_pb_row column_structure=&#8220;1_3,2_3&#8243; _builder_version=&#8220;4.16&#8243; global_colors_info=&#8220;{}&#8220;][et_pb_column type=&#8220;1_3&#8243; _builder_version=&#8220;4.16&#8243; custom_padding=&#8220;|||&#8220; global_colors_info=&#8220;{}&#8220; custom_padding__hover=&#8220;|||&#8220;][et_pb_image src=&#8220;https:\/\/cutinvideo.de\/site\/wp-content\/uploads\/2018\/10\/pmw350_a_02.jpg&#8220; align_tablet=&#8220;center&#8220; align_phone=&#8220;&#8220; align_last_edited=&#8220;on|desktop&#8220; _builder_version=&#8220;4.16&#8243; animation_style=&#8220;slide&#8220; animation_direction=&#8220;left&#8220; animation_duration=&#8220;500ms&#8220; animation_intensity_slide=&#8220;10%&#8220; border_style=&#8220;solid&#8220; sticky=&#8220;off&#8220; always_center_on_mobile=&#8220;on&#8220; global_colors_info=&#8220;{}&#8220;][\/et_pb_image][\/et_pb_column][et_pb_column type=&#8220;2_3&#8243; _builder_version=&#8220;4.16&#8243; custom_padding=&#8220;|||&#8220; global_colors_info=&#8220;{}&#8220; custom_padding__hover=&#8220;|||&#8220;][et_pb_text _builder_version=&#8220;4.16&#8243; border_style=&#8220;solid&#8220; global_colors_info=&#8220;{}&#8220;]<\/p>\n<div id=\"c605\" class=\"csc-default\">\n<div class=\"csc-textpic csc-textpic-intext-right csc-textpic-caption-c\">\n<div class=\"csc-textpic-text\">\n<h1><\/h1>\n<h1><span style=\"color: #003366;\">3 x Sony XDCAM-EX PMW350<br \/>\n<\/span><\/h1>\n<h4>2\/3&#8243; HD-Broadcast-Kamera mit 4:2:2 HD-280Mbps Recorder<\/h4>\n<p class=\"bodytext\">Die PMW-350 stellt in der Entwicklung von kompakten Schultercamcordern eine wahre Innovation dar. Neu entwickelte 2\/3&#8220; Exmor Full-HD CMOS-Sensoren sorgen f\u00fcr Bilder h\u00f6chster Qualit\u00e4t<\/p>\n<p class=\"bodytext\">Die PMW-350 ist mit drei neu entwickelten 2\/3&#8243;-Exmor\u2122-CMOS-Sensoren ausgestattet, die jeweils eine effektive Aufl\u00f6sung von 1920 x 1080 (H x V) aufweisen. So ist eine hervorragende Bildleistung in Full HD-Aufl\u00f6sung gew\u00e4hrleistet. Der 2\/3&#8243;-Bildsensor des Camcorders bietet eine Empfindlichkeit von F13 bei 50 Hz, einen Signalrauschabstand von 59 dB und eine horizontale Aufl\u00f6sung von 1000 TV-Zeilen*. Dar\u00fcber hinaus k\u00f6nnen die gro\u00dfen 2\/3&#8220;-Bildsensoren Bilder mit einer geringeren Sch\u00e4rfentiefe aufzeichnen, wodurch die Benutzer mehr kreative Ausdrucksfreiheit erhalten.<\/p>\n<p class=\"bodytext\">Die PMW-350 unterst\u00fctzt mehrere Bildwechselfrequenzen, z. B. 59.94i, 50i sowie native 23.98P und 25P, und ist zwischen 1080i und 720P umschaltbar.<\/p>\n<p class=\"bodytext\"><i>Der angedockte NanoFlash Recorder kann verlustfrei HD-Aufzeichnungen mit bis zu 280Mbps 4:2:2 erstellen! <\/i><\/p>\n<\/div>\n<\/div>\n<\/div>\n<p>[\/et_pb_text][et_pb_divider show_divider=&#8220;off&#8220; disabled_on=&#8220;on|on|off&#8220; _builder_version=&#8220;4.16&#8243; hide_on_mobile=&#8220;on&#8220; global_colors_info=&#8220;{}&#8220;][\/et_pb_divider][\/et_pb_column][\/et_pb_row][\/et_pb_section][et_pb_section fb_built=&#8220;1&#8243; _builder_version=&#8220;4.16&#8243; global_colors_info=&#8220;{}&#8220;][\/et_pb_section][et_pb_section fb_built=&#8220;1&#8243; _builder_version=&#8220;4.16&#8243; global_colors_info=&#8220;{}&#8220;][et_pb_row column_structure=&#8220;1_3,2_3&#8243; _builder_version=&#8220;4.16&#8243; global_colors_info=&#8220;{}&#8220;][et_pb_column type=&#8220;1_3&#8243; _builder_version=&#8220;4.16&#8243; custom_padding=&#8220;|||&#8220; global_colors_info=&#8220;{}&#8220; custom_padding__hover=&#8220;|||&#8220;][et_pb_image src=&#8220;https:\/\/cutinvideo.de\/site\/wp-content\/uploads\/2018\/10\/HDW750.jpg&#8220; align_tablet=&#8220;center&#8220; align_phone=&#8220;&#8220; align_last_edited=&#8220;on|desktop&#8220; _builder_version=&#8220;4.16&#8243; animation_style=&#8220;slide&#8220; animation_direction=&#8220;left&#8220; animation_duration=&#8220;500ms&#8220; animation_intensity_slide=&#8220;10%&#8220; border_style=&#8220;solid&#8220; sticky=&#8220;off&#8220; always_center_on_mobile=&#8220;on&#8220; global_colors_info=&#8220;{}&#8220;][\/et_pb_image][\/et_pb_column][et_pb_column type=&#8220;2_3&#8243; _builder_version=&#8220;4.16&#8243; custom_padding=&#8220;|||&#8220; global_colors_info=&#8220;{}&#8220; custom_padding__hover=&#8220;|||&#8220;][et_pb_text _builder_version=&#8220;4.16&#8243; border_style=&#8220;solid&#8220; global_colors_info=&#8220;{}&#8220;]<\/p>\n<div id=\"c608\" class=\"csc-default\">\n<div class=\"csc-header csc-header-n2\">\n<h1><span style=\"color: #003366;\">4 x Sony HDW750P \/ HDW790P<\/span><\/h1>\n<\/div>\n<div class=\"csc-textpic csc-textpic-intext-right\">\n<div class=\"csc-textpic-imagewrap\">\n<div class=\"csc-textpic-imagerow\">\n<dl class=\"csc-textpic-image csc-textpic-firstcol csc-textpic-lastcol\">\n<dd class=\"csc-textpic-caption\">2\/3&#8243; HD-Camcorder mit sehr guten Eigenschaften f\u00fcr Liveanwendungen.<\/dd>\n<\/dl>\n<\/div>\n<\/div>\n<div class=\"csc-textpic-text\">\n<p class=\"bodytext\">Die HDW-750P legt alle Vorteile von HD-Aufnahmen im 25P\/50i-Format in Ihre H\u00e4nde: die Kameraf\u00fchrung ist kreativ und flexibel, der Camcorder selber dabei tragbar und lange ohne Batteriewechsel einsatzf\u00e4hig. Das kompakte, leichte Ger\u00e4t ist robust und betriebssicher in der Anwendung. Ausgestattet mit drei FIT-CCDs von je 2,2 Mio. Pixel und Advanced Digital Signal Processing (ADSP) sorgt die HDW-750P f\u00fcr hervorragende Bildqualit\u00e4t bei niedrigem Stromverbrauch.<\/p>\n<p class=\"bodytext\">Mit diesem Camcorder k\u00f6nnen Sie Bilder einfacher denn je aufnehmen und selbst der anspruchsvollste Kameramann wird mit den Ergebnissen zufrieden sein. Durch die Aufnahme von 25 Bildern pro Sekunde im Progressive-Modus (25P) erscheint das Ergebnis film\u00e4hnlicher, was nicht nur die Qualit\u00e4t, sondern auch den Marktwert Ihrer Produktion verbessert. Neu f\u00fcr diesen Camcorder ist die aktuelle Software-Version 2. Diese erweitert den Belichtungsspielraum des Camcorders sp\u00fcrbar und sorgt f\u00fcr ein film\u00e4hnlicheres Bild. So ist eine h\u00f6chst detailgetreue Wiedergabe in hellen und dunklen Bildbereichen gew\u00e4hrleistet.<\/p>\n<\/div>\n<\/div>\n<\/div>\n<p>[\/et_pb_text][et_pb_divider show_divider=&#8220;off&#8220; disabled_on=&#8220;on|on|off&#8220; _builder_version=&#8220;4.16&#8243; hide_on_mobile=&#8220;on&#8220; global_colors_info=&#8220;{}&#8220;][\/et_pb_divider][\/et_pb_column][\/et_pb_row][\/et_pb_section][et_pb_section fb_built=&#8220;1&#8243; _builder_version=&#8220;4.16&#8243; global_colors_info=&#8220;{}&#8220;][et_pb_row column_structure=&#8220;1_3,2_3&#8243; _builder_version=&#8220;4.16&#8243; global_colors_info=&#8220;{}&#8220;][et_pb_column type=&#8220;1_3&#8243; _builder_version=&#8220;4.16&#8243; custom_padding=&#8220;|||&#8220; global_colors_info=&#8220;{}&#8220; custom_padding__hover=&#8220;|||&#8220;][et_pb_image src=&#8220;https:\/\/cutinvideo.de\/site\/wp-content\/uploads\/2018\/10\/EX3.jpeg&#8220; align_tablet=&#8220;center&#8220; align_phone=&#8220;&#8220; align_last_edited=&#8220;on|desktop&#8220; _builder_version=&#8220;4.16&#8243; animation_style=&#8220;slide&#8220; animation_direction=&#8220;left&#8220; animation_duration=&#8220;500ms&#8220; animation_intensity_slide=&#8220;10%&#8220; border_style=&#8220;solid&#8220; sticky=&#8220;off&#8220; always_center_on_mobile=&#8220;on&#8220; global_colors_info=&#8220;{}&#8220;][\/et_pb_image][\/et_pb_column][et_pb_column type=&#8220;2_3&#8243; _builder_version=&#8220;4.16&#8243; custom_padding=&#8220;|||&#8220; global_colors_info=&#8220;{}&#8220; custom_padding__hover=&#8220;|||&#8220;][et_pb_text _builder_version=&#8220;4.16&#8243; border_style=&#8220;solid&#8220; global_colors_info=&#8220;{}&#8220;]<\/p>\n<div id=\"c608\" class=\"csc-default\">\n<div class=\"csc-header csc-header-n2\"><\/div>\n<div class=\"csc-textpic-clear\"><\/div>\n<\/div>\n<div id=\"c627\" class=\"csc-default\">\n<div class=\"csc-header csc-header-n3\">\n<h1><span style=\"color: #003366;\">2 x Sony PDW EX3<\/span><\/h1>\n<\/div>\n<div class=\"csc-textpic csc-textpic-intext-right csc-textpic-equalheight\">\n<div class=\"csc-textpic-imagewrap csc-textpic-single-image\">XDCAM EX &#8211; Die neue Generation von HD-Aufnahmesystemen<\/div>\n<div class=\"csc-textpic-text\">\n<p class=\"bodytext\">Nach der erfolgreichen Markteinf\u00fchrung der PMW-EX1 folgt\u00a0 die PMW-EX3, die all die gro\u00dfartigen Merkmale der PMW-EX1 in einem neuen Semi-Schulter Design vereint. Zus\u00e4tzlich zu diesem neuen Design besitzt dieser Semi-Schulter-Camcorder ein Wechselobjektivsystem, Genlock, Timecode und einen Remote Control-Anschluss f\u00fcr noch mehr Flexibilit\u00e4t und bietet eine kosteng\u00fcnstige HD-L\u00f6sung f\u00fcr Studios.<\/p>\n<p class=\"bodytext\">Die PMW-EX3 kombiniert einen modernen, nonlinearen XDCAM-Workflow mit der besten HD-Qualit\u00e4t, die je mit einem Semi-Schulter-Camcorder erreicht wurde. Dies ist auch der erste Semi-Schulter-Camcorder, der das legend\u00e4re CineAlta 24P Logo erh\u00e4lt, da die PMW-EX3 zwischen mehreren Bildwechselfrequenzen, wie z.B. 59.94i, 50i und 23.98P-nativ, sowie von 1080i auf 720P umschaltbar ist.<\/p>\n<p class=\"bodytext\">Um diese variablen Aufnahmef\u00e4higkeiten nutzen zu k\u00f6nnen, verwendet die PMW-EX3 das gleiche System wie die PMW-EX1, das aus drei 1\/2&#8243;- CMOS-Sensoren besteht, von denen jeder eine effektive Aufl\u00f6sung von 1920 x 1080 erzielt. Dar\u00fcber hinaus verwendet das Ger\u00e4t ein speziell angefertigtes Fujinon 14x Professional HD 1\/2&#8243;-Wechselobjektiv und einen einzigartigen Dual-Fokusringmechanismus. .<\/p>\n<\/div>\n<\/div>\n<\/div>\n<p>[\/et_pb_text][et_pb_divider show_divider=&#8220;off&#8220; disabled_on=&#8220;on|on|off&#8220; _builder_version=&#8220;4.16&#8243; hide_on_mobile=&#8220;on&#8220; global_colors_info=&#8220;{}&#8220;][\/et_pb_divider][\/et_pb_column][\/et_pb_row][\/et_pb_section][et_pb_section fb_built=&#8220;1&#8243; _builder_version=&#8220;4.16&#8243; global_colors_info=&#8220;{}&#8220;][et_pb_row column_structure=&#8220;1_3,2_3&#8243; _builder_version=&#8220;4.16&#8243; global_colors_info=&#8220;{}&#8220;][et_pb_column type=&#8220;1_3&#8243; _builder_version=&#8220;4.16&#8243; custom_padding=&#8220;|||&#8220; global_colors_info=&#8220;{}&#8220; custom_padding__hover=&#8220;|||&#8220;][et_pb_image src=&#8220;https:\/\/cutinvideo.de\/site\/wp-content\/uploads\/2018\/10\/z10K.jpg&#8220; align_tablet=&#8220;center&#8220; align_phone=&#8220;&#8220; align_last_edited=&#8220;on|desktop&#8220; _builder_version=&#8220;4.16&#8243; animation_style=&#8220;slide&#8220; animation_direction=&#8220;left&#8220; animation_duration=&#8220;500ms&#8220; animation_intensity_slide=&#8220;10%&#8220; border_style=&#8220;solid&#8220; sticky=&#8220;off&#8220; always_center_on_mobile=&#8220;on&#8220; global_colors_info=&#8220;{}&#8220;][\/et_pb_image][\/et_pb_column][et_pb_column type=&#8220;2_3&#8243; _builder_version=&#8220;4.16&#8243; custom_padding=&#8220;|||&#8220; global_colors_info=&#8220;{}&#8220; custom_padding__hover=&#8220;|||&#8220;][et_pb_text _builder_version=&#8220;4.16&#8243; border_style=&#8220;solid&#8220; global_colors_info=&#8220;{}&#8220;]<\/p>\n<div id=\"c608\" class=\"csc-default\">\n<div class=\"csc-header csc-header-n2\">\n<div class=\"csc-textpic-clear\">\n<h1><span style=\"color: #003366;\">2x Panasonic HDC-Z10000<\/span><\/h1>\n<\/div>\n<\/div>\n<\/div>\n<div id=\"c601\" class=\"csc-default\">\n<div class=\"csc-textpic csc-textpic-intext-right\">\n<div class=\"csc-textpic-imagewrap\">\n<dl class=\"csc-textpic-image csc-textpic-firstcol csc-textpic-lastcol\">\n<dt><\/dt>\n<dd class=\"csc-textpic-caption\">Bildrechte bei Panasonic<\/dd>\n<\/dl>\n<\/div>\n<div class=\"csc-textpic-text\">\n<p class=\"bodytext\">Panasonic HDC-Z10000: Kompakter High-End 2D\/3D Full HD Camcorder mit integriertem Doppelobjektiv<\/p>\n<p class=\"bodytext\">Beste Bildqualit\u00e4t in 2D und 3D dank doppeltem 3MOS-Sensor.Ma\u00dfst\u00e4be setzt der HDC-Z10000 vor allem mit seinen 3D Makroaufnahmen. Das integrierte Doppelobjektiv mit einer Stereobasis von 42 mm erlaubt Nahaufnahmen bereits ab 45 cm Abstand. So gelingen auch bemerkenswerte 3D Close-Ups von Blumen, Schmuckst\u00fccken, Kleintieren u.v.m. Kombiniert mit dem 10x optischen Zoom und der M\u00f6glichkeit, den Konvergenzpunkt anzupassen, bietet der HDC-Z100000 dem 3D Filmer au\u00dfergew\u00f6hnlichen Gestaltungsspielraum.<\/p>\n<div id=\"c608\" class=\"csc-default\">\n<div class=\"csc-header csc-header-n2\"><\/div>\n<\/div>\n<\/div>\n<\/div>\n<\/div>\n<p>[\/et_pb_text][et_pb_divider show_divider=&#8220;off&#8220; disabled_on=&#8220;on|on|off&#8220; _builder_version=&#8220;4.16&#8243; hide_on_mobile=&#8220;on&#8220; global_colors_info=&#8220;{}&#8220;][\/et_pb_divider][\/et_pb_column][\/et_pb_row][\/et_pb_section]<\/p>\n","protected":false},"excerpt":{"rendered":"<p>4 x Sony PXW Z450 4K-HDR-Schulter-Camcorder mit 2\/3\u201c-Exmor-CMOS-Sensor Als EB-Einheit oder Kamerazug f\u00fcr 4K-Liveproduktionen Der erste 4K-HDR-Schulter-Camcorder der Welt Der bahnbrechende Schulter-Camcorder PXW-Z450 bietet nicht nur eine Aufl\u00f6sung in 4K (3840 x 2160), sondern auch eine hervorragende Ergonomie und eine vielseitige 2\/3\u201c-B4-Objektivfassung. Der Camcorder ist ein robustes, leistungsstarkes Werkzeug f\u00fcr die Erstellung von 4K- und [&hellip;]<\/p>\n","protected":false},"author":1,"featured_media":0,"parent":917,"menu_order":2,"comment_status":"closed","ping_status":"closed","template":"","meta":{"_et_pb_use_builder":"on","_et_pb_old_content":"","_et_gb_content_width":"","footnotes":""},"class_list":["post-922","page","type-page","status-publish","hentry"],"_links":{"self":[{"href":"https:\/\/cutinvideo.de\/site\/wp-json\/wp\/v2\/pages\/922","targetHints":{"allow":["GET"]}}],"collection":[{"href":"https:\/\/cutinvideo.de\/site\/wp-json\/wp\/v2\/pages"}],"about":[{"href":"https:\/\/cutinvideo.de\/site\/wp-json\/wp\/v2\/types\/page"}],"author":[{"embeddable":true,"href":"https:\/\/cutinvideo.de\/site\/wp-json\/wp\/v2\/users\/1"}],"replies":[{"embeddable":true,"href":"https:\/\/cutinvideo.de\/site\/wp-json\/wp\/v2\/comments?post=922"}],"version-history":[{"count":48,"href":"https:\/\/cutinvideo.de\/site\/wp-json\/wp\/v2\/pages\/922\/revisions"}],"predecessor-version":[{"id":2435,"href":"https:\/\/cutinvideo.de\/site\/wp-json\/wp\/v2\/pages\/922\/revisions\/2435"}],"up":[{"embeddable":true,"href":"https:\/\/cutinvideo.de\/site\/wp-json\/wp\/v2\/pages\/917"}],"wp:attachment":[{"href":"https:\/\/cutinvideo.de\/site\/wp-json\/wp\/v2\/media?parent=922"}],"curies":[{"name":"wp","href":"https:\/\/api.w.org\/{rel}","templated":true}]}}