{"id":934,"date":"2018-01-06T17:08:55","date_gmt":"2018-01-06T16:08:55","guid":{"rendered":"https:\/\/cutinvideo.de\/site\/?page_id=934"},"modified":"2020-03-30T12:38:50","modified_gmt":"2020-03-30T10:38:50","slug":"eb-kamerateam","status":"publish","type":"page","link":"https:\/\/cutinvideo.de\/site\/live-event\/eb-kamerateam\/","title":{"rendered":"EB-Kamerateam"},"content":{"rendered":"<p>[et_pb_section fb_built=&#8220;1&#8243; _builder_version=&#8220;3.22&#8243;][et_pb_row column_structure=&#8220;1_3,2_3&#8243; _builder_version=&#8220;3.25&#8243; custom_margin=&#8220;-27px|auto||auto||&#8220;][et_pb_column type=&#8220;1_3&#8243; _builder_version=&#8220;3.25&#8243; custom_padding=&#8220;|||&#8220; custom_padding__hover=&#8220;|||&#8220;][et_pb_image src=&#8220;https:\/\/cutinvideo.de\/site\/wp-content\/uploads\/2018\/10\/Atemschutz-16zu9-Kopie.jpg&#8220; align_tablet=&#8220;center&#8220; align_phone=&#8220;&#8220; align_last_edited=&#8220;on|desktop&#8220; _builder_version=&#8220;3.23&#8243; animation_style=&#8220;slide&#8220; animation_direction=&#8220;left&#8220; animation_duration=&#8220;500ms&#8220; animation_intensity_slide=&#8220;10%&#8220; sticky=&#8220;off&#8220; border_style=&#8220;solid&#8220; always_center_on_mobile=&#8220;on&#8220;][\/et_pb_image][et_pb_text _builder_version=&#8220;3.27.4&#8243; border_style=&#8220;solid&#8220;]<\/p>\n<p class=\"bodytext\"><b>Wir bieten EB-Teams an den Standorten:<\/b><\/p>\n<ul class=\"section\">\n<li>EB-Team Frankfurt<\/li>\n<li>EB-Team Aachen<\/li>\n<li>EB-Team Trier<\/li>\n<li>EB-Team Luxemburg<\/li>\n<li>EB-Team Belgien<\/li>\n<li>und nat\u00fcrlich auch nach Absprache bundesweit und im Ausland.<\/li>\n<\/ul>\n<p class=\"bodytext\">Alle EB-Teams sind mit EB-Ton Mischer, Sennheiser Funkstrecke, verschiedenen Mikrofonen, Kopflicht, Lichtkoffer, Sachtler Stativ und einem klimatisierten PKW mit Navigation ausgestattet.<\/p>\n<p>[\/et_pb_text][et_pb_image src=&#8220;https:\/\/cutinvideo.de\/site\/wp-content\/uploads\/2018\/10\/Test-Bilderleiste-EB-Dreh-in-Berlin338x254.jpg&#8220; _builder_version=&#8220;4.4.2&#8243; hover_enabled=&#8220;0&#8243;][\/et_pb_image][\/et_pb_column][et_pb_column type=&#8220;2_3&#8243; _builder_version=&#8220;3.25&#8243; custom_padding=&#8220;|||&#8220; custom_padding__hover=&#8220;|||&#8220;][et_pb_text _builder_version=&#8220;3.27.4&#8243; border_style=&#8220;solid&#8220;]<\/p>\n<div class=\"csc-header csc-header-n1\"><\/div>\n<div class=\"csc-textpic-text\">\n<div id=\"c306\" class=\"csc-default\">\n<div class=\"csc-textpic-text\">\n<h1>Moderner Depeschendienst<\/h1>\n<p class=\"bodytext\">Au\u00dfergew\u00f6hnliche Ereignisse stehen im Interesse der \u00d6ffentlichkeit.<br \/>\nObjektive Bilder sind die Grundlage einer guten elektronischen Berichterstattung.<\/p>\n<p>Unsere mehrj\u00e4hrige, vertrauensvolle Zusammenarbeit mit verschiedenen Redaktionen spricht f\u00fcr sich.<\/p>\n<\/div>\n<\/div>\n<div id=\"c307\" class=\"csc-default\">\n<div class=\"csc-textpic csc-textpic-center csc-textpic-below csc-textpic-border\">\n<div class=\"csc-textpic-text\">\n<p class=\"bodytext\"><b>Beitr\u00e4ge von uns waren auf folgenden Sendern zu sehen:<\/b><\/p>\n<\/div>\n<\/div>\n<\/div>\n<p>&nbsp;<\/p>\n<\/div>\n<p>[\/et_pb_text][et_pb_text _builder_version=&#8220;3.27.4&#8243; border_style=&#8220;solid&#8220;][\/et_pb_text][et_pb_image src=&#8220;https:\/\/cutinvideo.de\/site\/wp-content\/uploads\/2018\/10\/Sender-Kopie.jpg&#8220; align_tablet=&#8220;center&#8220; align_phone=&#8220;&#8220; align_last_edited=&#8220;on|desktop&#8220; _builder_version=&#8220;3.23&#8243; animation_style=&#8220;slide&#8220; animation_direction=&#8220;left&#8220; animation_duration=&#8220;500ms&#8220; animation_intensity_slide=&#8220;10%&#8220; sticky=&#8220;off&#8220; border_style=&#8220;solid&#8220; always_center_on_mobile=&#8220;on&#8220;][\/et_pb_image][\/et_pb_column][\/et_pb_row][\/et_pb_section]<\/p>\n","protected":false},"excerpt":{"rendered":"<p>Wir bieten EB-Teams an den Standorten: EB-Team Frankfurt EB-Team Aachen EB-Team Trier EB-Team Luxemburg EB-Team Belgien und nat\u00fcrlich auch nach Absprache bundesweit und im Ausland. Alle EB-Teams sind mit EB-Ton Mischer, Sennheiser Funkstrecke, verschiedenen Mikrofonen, Kopflicht, Lichtkoffer, Sachtler Stativ und einem klimatisierten PKW mit Navigation ausgestattet. Moderner Depeschendienst Au\u00dfergew\u00f6hnliche Ereignisse stehen im Interesse der \u00d6ffentlichkeit. [&hellip;]<\/p>\n","protected":false},"author":1,"featured_media":0,"parent":939,"menu_order":6,"comment_status":"closed","ping_status":"closed","template":"","meta":{"_et_pb_use_builder":"on","_et_pb_old_content":"<p>Kamerateam<\/p><p>\u00a0<\/p>","_et_gb_content_width":"","footnotes":""},"class_list":["post-934","page","type-page","status-publish","hentry"],"_links":{"self":[{"href":"https:\/\/cutinvideo.de\/site\/wp-json\/wp\/v2\/pages\/934","targetHints":{"allow":["GET"]}}],"collection":[{"href":"https:\/\/cutinvideo.de\/site\/wp-json\/wp\/v2\/pages"}],"about":[{"href":"https:\/\/cutinvideo.de\/site\/wp-json\/wp\/v2\/types\/page"}],"author":[{"embeddable":true,"href":"https:\/\/cutinvideo.de\/site\/wp-json\/wp\/v2\/users\/1"}],"replies":[{"embeddable":true,"href":"https:\/\/cutinvideo.de\/site\/wp-json\/wp\/v2\/comments?post=934"}],"version-history":[{"count":16,"href":"https:\/\/cutinvideo.de\/site\/wp-json\/wp\/v2\/pages\/934\/revisions"}],"predecessor-version":[{"id":2035,"href":"https:\/\/cutinvideo.de\/site\/wp-json\/wp\/v2\/pages\/934\/revisions\/2035"}],"up":[{"embeddable":true,"href":"https:\/\/cutinvideo.de\/site\/wp-json\/wp\/v2\/pages\/939"}],"wp:attachment":[{"href":"https:\/\/cutinvideo.de\/site\/wp-json\/wp\/v2\/media?parent=934"}],"curies":[{"name":"wp","href":"https:\/\/api.w.org\/{rel}","templated":true}]}}