{"id":995,"date":"2018-01-06T18:32:56","date_gmt":"2018-01-06T17:32:56","guid":{"rendered":"https:\/\/cutinvideo.de\/site\/?page_id=995"},"modified":"2022-04-02T11:59:47","modified_gmt":"2022-04-02T09:59:47","slug":"impressum","status":"publish","type":"page","link":"https:\/\/cutinvideo.de\/site\/impressum\/","title":{"rendered":"Impressum"},"content":{"rendered":"<p>[et_pb_section fb_built=&#8220;1&#8243; _builder_version=&#8220;3.22&#8243; global_colors_info=&#8220;{}&#8220;][et_pb_row column_structure=&#8220;1_3,2_3&#8243; _builder_version=&#8220;3.25&#8243; global_colors_info=&#8220;{}&#8220;][et_pb_column type=&#8220;1_3&#8243; _builder_version=&#8220;3.25&#8243; custom_padding=&#8220;|||&#8220; global_colors_info=&#8220;{}&#8220; custom_padding__hover=&#8220;|||&#8220;][\/et_pb_column][et_pb_column type=&#8220;2_3&#8243; _builder_version=&#8220;3.25&#8243; custom_padding=&#8220;|||&#8220; global_colors_info=&#8220;{}&#8220; custom_padding__hover=&#8220;|||&#8220;][\/et_pb_column][\/et_pb_row][et_pb_row _builder_version=&#8220;3.25&#8243; global_colors_info=&#8220;{}&#8220;][et_pb_column type=&#8220;4_4&#8243; _builder_version=&#8220;3.25&#8243; custom_padding=&#8220;|||&#8220; global_colors_info=&#8220;{}&#8220; custom_padding__hover=&#8220;|||&#8220;][et_pb_text _builder_version=&#8220;3.27.4&#8243; border_style=&#8220;solid&#8220; global_colors_info=&#8220;{}&#8220;]<\/p>\n<p>E-Mail: <a href=\"mailto:info@CUT-IN-VIDEO.de\">info@CUT-IN-VIDEO.de<\/a><br \/>Internet: <a href=\"http:\/\/www.cut-in-video.de\/\" target=\"_top\" rel=\"noopener noreferrer\">www.CUT-IN-VIDEO.de<\/a><\/p>\n<p>Diese Homepage wurde von <a class=\"external-link-new-window\" title=\"\u00d6ffnet externen Link in neuem Fenster\" href=\"http:\/\/www.soundlabmedia.de\/\" target=\"_blank\" rel=\"noopener noreferrer\">SoundlabMedia<\/a> erstellt.<br \/>Das Java-Script implementierte <a class=\"external-link-new-window\" title=\"\u00d6ffnet externen Link in neuem Fenster\" href=\"http:\/\/www.moodesign.de\/\" target=\"_blank\" rel=\"noopener noreferrer\">moodesign<\/a>.<\/p>\n<p>Gewartet wir die Homepage von CUT IN TV- &amp; Videoproduktionen.<\/p>\n<p>Alle hierin befindlichen Bilder und Grafiken stammen aus Produktionen, an denen wir wesentlich beteiligt waren.<\/p>\n<p>\u00a9 an Bildern und Grafiken, CUT IN Videoproduktionen.<\/p>\n<p><a href=\"http:\/\/www.CUT-IN-VIDEO.de\" target=\"_blank\" rel=\"noopener noreferrer\">http:\/\/www.CUT-IN-VIDEO.de<\/a><\/p>\n<p>Umsatzsteuer-Identifikationsnummer \u00a7 27A Umsatzsteuergesetz: UST.ID DE 812 216 091<\/p>\n<p><b>Haftungshinweis:<\/b><br \/>Trotz sorgf\u00e4ltiger inhaltlicher Kontrolle \u00dcbernehmen wir keine Haftung f\u00fcr die Inhalte externer Links.<br \/>F\u00fcr den Inhalt der verlinkten Seiten sind ausschlie\u00dflich deren Betreiber verantwortlich.<\/p>\n<p>[\/et_pb_text][\/et_pb_column][\/et_pb_row][\/et_pb_section]<\/p>\n","protected":false},"excerpt":{"rendered":"<p>E-Mail: info@CUT-IN-VIDEO.deInternet: www.CUT-IN-VIDEO.de Diese Homepage wurde von SoundlabMedia erstellt.Das Java-Script implementierte moodesign. Gewartet wir die Homepage von CUT IN TV- &amp; Videoproduktionen. Alle hierin befindlichen Bilder und Grafiken stammen aus Produktionen, an denen wir wesentlich beteiligt waren. \u00a9 an Bildern und Grafiken, CUT IN Videoproduktionen. http:\/\/www.CUT-IN-VIDEO.de Umsatzsteuer-Identifikationsnummer \u00a7 27A Umsatzsteuergesetz: UST.ID DE 812 216 091 [&hellip;]<\/p>\n","protected":false},"author":1,"featured_media":0,"parent":0,"menu_order":0,"comment_status":"closed","ping_status":"closed","template":"","meta":{"_et_pb_use_builder":"on","_et_pb_old_content":"<p>E-Mail: <a href=\"mailto:info@CUT-IN-VIDEO.de\">info@CUT-IN-VIDEO.de<\/a><br \/> Internet: <a href=\"http:\/\/www.cut-in-video.de\/\" target=\"_top\">www.CUT-IN-VIDEO.de<\/a><\/p><p>Diese Homepage wurde von <a class=\"external-link-new-window\" title=\"\u00d6ffnet externen Link in neuem Fenster\" href=\"http:\/\/www.soundlabmedia.de\/\" target=\"_blank\" rel=\"noopener\">SoundlabMedia<\/a> erstellt.<br \/> Das Java-Script implementierte <a class=\"external-link-new-window\" title=\"\u00d6ffnet externen Link in neuem Fenster\" href=\"http:\/\/www.moodesign.de\/\" target=\"_blank\" rel=\"noopener\">moodesign<\/a>.<\/p><p>Gewartet wir die Homepage von CUT IN TV- & Videoproduktionen.<\/p><p>Alle hierin befindlichen Bilder und Grafiken stammen aus Produktionen, an denen wir wesentlich beteiligt waren.<\/p><p>\u00a9 an Bildern und Grafiken, CUT IN Videoproduktionen.<\/p><p><a href=\"http:\/\/www.CUT-IN-VIDEO.de\" target=\"_blank\" rel=\"noopener\">http:\/\/www.CUT-IN-VIDEO.de<\/a>Umsatzsteuer-Identifikationsnummer \u00a7 27A Umsatzsteuergesetz: UST.ID DE 812 216 091<\/p><p><b>Haftungshinweis:<\/b><br \/> Trotz sorgf\u00e4ltiger inhaltlicher Kontrolle \u00dcbernehmen wir keine Haftung f\u00fcr die Inhalte externer Links.<br \/> F\u00fcr den Inhalt der verlinkten Seiten sind ausschlie\u00dflich deren Betreiber verantwortlich.<\/p>","_et_gb_content_width":"","footnotes":""},"class_list":["post-995","page","type-page","status-publish","hentry"],"_links":{"self":[{"href":"https:\/\/cutinvideo.de\/site\/wp-json\/wp\/v2\/pages\/995","targetHints":{"allow":["GET"]}}],"collection":[{"href":"https:\/\/cutinvideo.de\/site\/wp-json\/wp\/v2\/pages"}],"about":[{"href":"https:\/\/cutinvideo.de\/site\/wp-json\/wp\/v2\/types\/page"}],"author":[{"embeddable":true,"href":"https:\/\/cutinvideo.de\/site\/wp-json\/wp\/v2\/users\/1"}],"replies":[{"embeddable":true,"href":"https:\/\/cutinvideo.de\/site\/wp-json\/wp\/v2\/comments?post=995"}],"version-history":[{"count":10,"href":"https:\/\/cutinvideo.de\/site\/wp-json\/wp\/v2\/pages\/995\/revisions"}],"predecessor-version":[{"id":2236,"href":"https:\/\/cutinvideo.de\/site\/wp-json\/wp\/v2\/pages\/995\/revisions\/2236"}],"wp:attachment":[{"href":"https:\/\/cutinvideo.de\/site\/wp-json\/wp\/v2\/media?parent=995"}],"curies":[{"name":"wp","href":"https:\/\/api.w.org\/{rel}","templated":true}]}}